{"id":838,"date":"2018-09-20T13:56:53","date_gmt":"2018-09-20T11:56:53","guid":{"rendered":"http:\/\/test.taekwondo-mannheim.de\/?page_id=838"},"modified":"2018-09-20T14:03:06","modified_gmt":"2018-09-20T12:03:06","slug":"wortbedeutungen","status":"publish","type":"page","link":"http:\/\/test.taekwondo-mannheim.de\/?page_id=838","title":{"rendered":"Wortbedeutungen"},"content":{"rendered":"<div id=\"cc-m-15309219325\" class=\"j-module n j-text \">\n<p>Taekwondo ist eine koreanische Kampfsport- und Kampfkunstart. Daher benuzen wir w\u00e4hrend des Trainings meistens koreanische Begriffe und Kommandos. Hier finden Sie eine Zusammenstellung der geb\u00e4uchlichsten W\u00f6rter:<\/p>\n<\/div>\n<div id=\"cc-m-15160899525\" class=\"j-module n j-hgrid \">\n<div class=\"cc-m-hgrid-column\">\n<div id=\"cc-matrix-4642768325\">\n<div id=\"cc-m-15166453425\" class=\"j-module n j-htmlCode \">\n<div id=\"cc-m-12803516536\" class=\"j-module n j-htmlCode\">\n<p class=\"left\"><a><span class=\"ml10 font\">Zahlen<\/span><\/a><\/p>\n<\/div>\n<div id=\"popup1\" class=\"j-module n j-text\">\n<p>Hana &#8211; eins<\/p>\n<p>Dul &#8211; zwei<\/p>\n<p>Set &#8211; drei<\/p>\n<p>Net &#8211; vier<\/p>\n<p>Tasot &#8211; f\u00fcnf<\/p>\n<p>Yosot &#8211; sechs<\/p>\n<p>Ilgop &#8211; sieben<\/p>\n<p>Yodul &#8211; acht<\/p>\n<p>Ahop &#8211; neun<\/p>\n<p>Yol &#8211; zehn<\/p>\n<\/div>\n<\/div>\n<div id=\"cc-m-15427392825\" class=\"j-module n j-spacing \">\n<div class=\"cc-m-spacer\"><\/div>\n<\/div>\n<div id=\"cc-m-15166613825\" class=\"j-module n j-htmlCode \">\n<div id=\"cc-m-12803516536\" class=\"j-module n j-htmlCode\"><\/div>\n<\/div>\n<\/div>\n<\/div>\n<div class=\"cc-m-hgrid-separator\" data-display=\"cms-only\">\n<div><\/div>\n<\/div>\n<div class=\"cc-m-hgrid-column\">\n<div id=\"cc-matrix-4642768925\">\n<div id=\"cc-m-15166541825\" class=\"j-module n j-htmlCode \">\n<div id=\"cc-m-12803516536\" class=\"j-module n j-htmlCode\">\n<p class=\"left\"><a><span class=\"ml10 font\">Kommandos<\/span><\/a><\/p>\n<\/div>\n<div id=\"popup2\" class=\"j-module n j-text\">\n<p>Charyot &#8211; Achtung!<\/p>\n<p>Gukiye Daeyo &#8211; Zu den Flaggen<\/p>\n<p>Kyong-Ye &#8211; Verbeugen<\/p>\n<p>Chunbi &#8211; fertig machen<\/p>\n<p>Sijak &#8211; Start<\/p>\n<p>Goman &#8211; Ende<\/p>\n<p>Paro &#8211; zur\u00fcck zur Position<\/p>\n<\/div>\n<\/div>\n<div id=\"cc-m-15427395325\" class=\"j-module n j-spacing \">\n<div class=\"cc-m-spacer\"><\/div>\n<\/div>\n<div id=\"cc-m-15166627125\" class=\"j-module n j-htmlCode \">\n<div id=\"cc-m-12803516536\" class=\"j-module n j-htmlCode\">\n<p class=\"left\"><a><span class=\"ml10 font\">Techniken<\/span><\/a><\/p>\n<\/div>\n<div id=\"popup5\" class=\"j-module n j-text\">\n<p>Makki &#8211; Block<\/p>\n<p>Chirugi &#8211; Sto\u00df<\/p>\n<p>Taerigi &#8211; Schlag<\/p>\n<p>Chagi &#8211; Fu\u00dftritt, Kick<\/p>\n<p>Tulki &#8211; Stich<\/p>\n<p>Olligi &#8211; Beinschwung<\/p>\n<p>Sogi &#8211; Stellung<\/p>\n<\/div>\n<\/div>\n<\/div>\n<\/div>\n<div class=\"cc-m-hgrid-separator\" data-display=\"cms-only\">\n<div><\/div>\n<\/div>\n<div class=\"cc-m-hgrid-column last\">\n<div id=\"cc-matrix-4642768825\">\n<div id=\"cc-m-15166556225\" class=\"j-module n j-htmlCode \">\n<div id=\"cc-m-12803516536\" class=\"j-module n j-htmlCode\">\n<p class=\"left\"><a><span class=\"ml10 font\">Bezeichnungen<\/span><\/a><\/p>\n<\/div>\n<div id=\"popup3\" class=\"j-module n j-text\">\n<p>Sabum-Nim &#8211; Gro\u00dfmeister<\/p>\n<p>Kyosah-Nim &#8211; Meister<\/p>\n<p>Dojang &#8211; Trainingsraum<\/p>\n<p>Dobok &#8211; Kampfanzug<\/p>\n<p>Dan &#8211; Meistergrad<\/p>\n<p>Kup &#8211; Sch\u00fclergrad<\/p>\n<p>Kihap &#8211; Kampfschrei<\/p>\n<\/div>\n<\/div>\n<div id=\"cc-m-15427395725\" class=\"j-module n j-spacing \">\n<div class=\"cc-m-spacer\"><\/div>\n<\/div>\n<div id=\"cc-m-15166715425\" class=\"j-module n j-htmlCode \">\n<div id=\"cc-m-12803516536\" class=\"j-module n j-htmlCode\">\n<p class=\"left\"><a><span class=\"ml10 font\">Fu\u00dftechniken<\/span><\/a><\/p>\n<\/div>\n<div id=\"popup6\" class=\"j-module n j-text\">\n<p>Ap-Olligi &#8211; Beinschwung nach vorn<\/p>\n<p>Yop-Chagi &#8211; Seitw\u00e4rts-Kick<\/p>\n<p>Yop-Olligi &#8211; Seitw\u00e4rts-Beinschwung<\/p>\n<p>Pandae-Tollyo-Chagi &#8211; Fersendrehschlag<\/p>\n<p>Tollyo-Chagi &#8211; Halbkreisfu\u00dftritt<\/p>\n<p>Tollyo-Olligi &#8211; Halbkreis-Beinschwung<\/p>\n<p>Pituro-Chagi &#8211; Fu\u00dfballentritt nach au\u00dfen<\/p>\n<p>Naeryo-Chagi &#8211; Fersenschlag abw\u00e4rts<\/p>\n<p>Tymyo-Chagi &#8211; Gesprungener Kick<\/p>\n<\/div>\n<\/div>\n<\/div>\n<\/div>\n<div class=\"cc-m-hgrid-overlay\" data-display=\"cms-only\"><\/div>\n<\/div>\n<div id=\"cc-m-15427388025\" class=\"j-module n j-hgrid \">\n<div class=\"cc-m-hgrid-column\">\n<div id=\"cc-matrix-4739921425\">\n<div id=\"cc-m-15166761125\" class=\"j-module n j-htmlCode \">\n<div id=\"cc-m-12803516536\" class=\"j-module n j-htmlCode\"><\/div>\n<\/div>\n<\/div>\n<\/div>\n<div class=\"cc-m-hgrid-overlay\" data-display=\"cms-only\"><\/div>\n<\/div>\n","protected":false},"excerpt":{"rendered":"<p>Taekwondo ist eine koreanische Kampfsport- und Kampfkunstart. Daher benuzen wir w\u00e4hrend des Trainings meistens koreanische Begriffe und Kommandos. Hier finden Sie eine Zusammenstellung der geb\u00e4uchlichsten W\u00f6rter: Zahlen Hana &#8211; eins Dul &#8211; zwei Set &#8211; drei Net &#8211; vier Tasot &hellip; <a href=\"http:\/\/test.taekwondo-mannheim.de\/?page_id=838\">Weiter<\/a><\/p>\n","protected":false},"author":2,"featured_media":0,"parent":0,"menu_order":0,"comment_status":"closed","ping_status":"closed","template":"","meta":{"jetpack_post_was_ever_published":false,"footnotes":""},"class_list":["post-838","page","type-page","status-publish","hentry"],"jetpack_sharing_enabled":true,"jetpack_shortlink":"https:\/\/wp.me\/P79Ama-dw","jetpack-related-posts":[],"_links":{"self":[{"href":"http:\/\/test.taekwondo-mannheim.de\/index.php?rest_route=\/wp\/v2\/pages\/838","targetHints":{"allow":["GET"]}}],"collection":[{"href":"http:\/\/test.taekwondo-mannheim.de\/index.php?rest_route=\/wp\/v2\/pages"}],"about":[{"href":"http:\/\/test.taekwondo-mannheim.de\/index.php?rest_route=\/wp\/v2\/types\/page"}],"author":[{"embeddable":true,"href":"http:\/\/test.taekwondo-mannheim.de\/index.php?rest_route=\/wp\/v2\/users\/2"}],"replies":[{"embeddable":true,"href":"http:\/\/test.taekwondo-mannheim.de\/index.php?rest_route=%2Fwp%2Fv2%2Fcomments&post=838"}],"version-history":[{"count":3,"href":"http:\/\/test.taekwondo-mannheim.de\/index.php?rest_route=\/wp\/v2\/pages\/838\/revisions"}],"predecessor-version":[{"id":845,"href":"http:\/\/test.taekwondo-mannheim.de\/index.php?rest_route=\/wp\/v2\/pages\/838\/revisions\/845"}],"wp:attachment":[{"href":"http:\/\/test.taekwondo-mannheim.de\/index.php?rest_route=%2Fwp%2Fv2%2Fmedia&parent=838"}],"curies":[{"name":"wp","href":"https:\/\/api.w.org\/{rel}","templated":true}]}}