{"id":816,"date":"2018-09-20T13:51:39","date_gmt":"2018-09-20T11:51:39","guid":{"rendered":"http:\/\/test.taekwondo-mannheim.de\/?page_id=816"},"modified":"2018-09-20T13:51:39","modified_gmt":"2018-09-20T11:51:39","slug":"fusstechninken","status":"publish","type":"page","link":"http:\/\/test.taekwondo-mannheim.de\/?page_id=816","title":{"rendered":"Fu\u00dftechninken"},"content":{"rendered":"<div class=\"cc-m-hgrid-column last\">\n<div id=\"cc-matrix-4642768825\">\n<div id=\"cc-m-15166715425\" class=\"j-module n j-htmlCode \">\n<div id=\"popup6\" class=\"j-module n j-text\">\n<p>Ap-Olligi &#8211; Beinschwung nach vorn<\/p>\n<p>Yop-Chagi &#8211; Seitw\u00e4rts-Kick<\/p>\n<p>Yop-Olligi &#8211; Seitw\u00e4rts-Beinschwung<\/p>\n<p>Pandae-Tollyo-Chagi &#8211; Fersendrehschlag<\/p>\n<p>Tollyo-Chagi &#8211; Halbkreisfu\u00dftritt (Fu\u00dfballen)<\/p>\n<p>Tollyo-Olligi &#8211; Halbkreis-Beinschwung<\/p>\n<p>Pituro-Chagi &#8211; Fu\u00dfballentritt nach au\u00dfen<\/p>\n<p>Naeryo-Chagi &#8211; Fersenschlag abw\u00e4rts<\/p>\n<p>Tymyo-Chagi &#8211; Gesprungener Kick<\/p>\n<\/div>\n<\/div>\n<\/div>\n<\/div>\n<div class=\"cc-m-hgrid-overlay\" data-display=\"cms-only\"><\/div>\n","protected":false},"excerpt":{"rendered":"<p>Ap-Olligi &#8211; Beinschwung nach vorn Yop-Chagi &#8211; Seitw\u00e4rts-Kick Yop-Olligi &#8211; Seitw\u00e4rts-Beinschwung Pandae-Tollyo-Chagi &#8211; Fersendrehschlag Tollyo-Chagi &#8211; Halbkreisfu\u00dftritt (Fu\u00dfballen) Tollyo-Olligi &#8211; Halbkreis-Beinschwung Pituro-Chagi &#8211; Fu\u00dfballentritt nach au\u00dfen Naeryo-Chagi &#8211; Fersenschlag abw\u00e4rts Tymyo-Chagi &#8211; Gesprungener Kick<\/p>\n","protected":false},"author":2,"featured_media":0,"parent":0,"menu_order":0,"comment_status":"closed","ping_status":"closed","template":"","meta":{"jetpack_post_was_ever_published":false,"footnotes":""},"class_list":["post-816","page","type-page","status-publish","hentry"],"jetpack_sharing_enabled":true,"jetpack_shortlink":"https:\/\/wp.me\/P79Ama-da","jetpack-related-posts":[],"_links":{"self":[{"href":"http:\/\/test.taekwondo-mannheim.de\/index.php?rest_route=\/wp\/v2\/pages\/816","targetHints":{"allow":["GET"]}}],"collection":[{"href":"http:\/\/test.taekwondo-mannheim.de\/index.php?rest_route=\/wp\/v2\/pages"}],"about":[{"href":"http:\/\/test.taekwondo-mannheim.de\/index.php?rest_route=\/wp\/v2\/types\/page"}],"author":[{"embeddable":true,"href":"http:\/\/test.taekwondo-mannheim.de\/index.php?rest_route=\/wp\/v2\/users\/2"}],"replies":[{"embeddable":true,"href":"http:\/\/test.taekwondo-mannheim.de\/index.php?rest_route=%2Fwp%2Fv2%2Fcomments&post=816"}],"version-history":[{"count":1,"href":"http:\/\/test.taekwondo-mannheim.de\/index.php?rest_route=\/wp\/v2\/pages\/816\/revisions"}],"predecessor-version":[{"id":817,"href":"http:\/\/test.taekwondo-mannheim.de\/index.php?rest_route=\/wp\/v2\/pages\/816\/revisions\/817"}],"wp:attachment":[{"href":"http:\/\/test.taekwondo-mannheim.de\/index.php?rest_route=%2Fwp%2Fv2%2Fmedia&parent=816"}],"curies":[{"name":"wp","href":"https:\/\/api.w.org\/{rel}","templated":true}]}}