{"id":52,"date":"2016-01-24T19:15:15","date_gmt":"2016-01-24T18:15:15","guid":{"rendered":"http:\/\/test.taekwondo-mannheim.de\/?page_id=52"},"modified":"2016-01-24T19:53:45","modified_gmt":"2016-01-24T18:53:45","slug":"taekwon-do","status":"publish","type":"page","link":"http:\/\/test.taekwondo-mannheim.de\/?page_id=52","title":{"rendered":"Taekwon-Do"},"content":{"rendered":"<div class=\"alignLeft wp-caption\"><\/div>\n<p class=\"font_7\">Taekwon-Do ist eine alte koreanische Kampfkunst der waffenlosen Selbstverteidigung, deren zahlreiche Techniken aus einer variationsreichen Anwendung von Schl\u00e4gen und St\u00f6\u00dfen mit allen Teilen der H\u00e4nde, Arme, Beine und F\u00fc\u00dfe besteht.<\/p>\n<p class=\"font_7\">Das Erlernen dient in erster Linie der Pers\u00f6nlichkeitsentfaltung.<\/p>\n<p class=\"font_7\">\n<p class=\"font_7\">Das TAE beschreibt alle Fu\u00dftechniken wie Springen, Schlagen und St\u00f6\u00dfen unter Ausnutzung aller M\u00f6glichkeiten der Beine.<\/p>\n<p class=\"font_7\">\n<p class=\"font_7\">Der koreanische Name f\u00fcr Faust ist KWON. Der Begriff steht in diesem Zusammenhang f\u00fcr alle Schl\u00e4ge, St\u00f6\u00dfe sowie Abfangbewegungen mit Armen und H\u00e4nden.<\/p>\n<p class=\"font_7\">\n<p class=\"font_7\">Allen asiatischen Kampfk\u00fcnsten liegt eine Philosophie zugrunde. Diese beinhaltet unter anderem eine bestimmte geistige Konzeption der Lebensf\u00fchrung. Das DO, nur unzureichend mit &#8222;Weg&#8220; \u00fcbersetzt, ist die Bezeichnung f\u00fcr die Dinge, Entwicklungen und Erfahrungen, die \u00fcber den rein sportlichen Aspekt hinausgehen.Das Traditionelle Taekwon-Do verl\u00e4uft ohne Kontakt. Die gewaltige Kraft und Effizienz der regelm\u00e4\u00dfig trainierten Techniken kann bei Kontakt mit dem (Trainings-)Gegner einen nichtgewollten Schaden verursachen. Taekwon-Do soll K\u00f6rper und Geist aufbauen, nicht sch\u00e4digen.<\/p>\n<p class=\"font_7\">\n<p>&nbsp;<\/p>\n","protected":false},"excerpt":{"rendered":"<p>Taekwon-Do ist eine alte koreanische Kampfkunst der waffenlosen Selbstverteidigung, deren zahlreiche Techniken aus einer variationsreichen Anwendung von Schl\u00e4gen und St\u00f6\u00dfen mit allen Teilen der H\u00e4nde, Arme, Beine und F\u00fc\u00dfe besteht. Das Erlernen dient in erster Linie der Pers\u00f6nlichkeitsentfaltung. Das TAE &hellip; <a href=\"http:\/\/test.taekwondo-mannheim.de\/?page_id=52\">Weiter<\/a><\/p>\n","protected":false},"author":2,"featured_media":0,"parent":0,"menu_order":0,"comment_status":"closed","ping_status":"closed","template":"","meta":{"jetpack_post_was_ever_published":false,"footnotes":""},"class_list":["post-52","page","type-page","status-publish","hentry"],"jetpack_sharing_enabled":true,"jetpack_shortlink":"https:\/\/wp.me\/P79Ama-Q","jetpack-related-posts":[],"_links":{"self":[{"href":"http:\/\/test.taekwondo-mannheim.de\/index.php?rest_route=\/wp\/v2\/pages\/52","targetHints":{"allow":["GET"]}}],"collection":[{"href":"http:\/\/test.taekwondo-mannheim.de\/index.php?rest_route=\/wp\/v2\/pages"}],"about":[{"href":"http:\/\/test.taekwondo-mannheim.de\/index.php?rest_route=\/wp\/v2\/types\/page"}],"author":[{"embeddable":true,"href":"http:\/\/test.taekwondo-mannheim.de\/index.php?rest_route=\/wp\/v2\/users\/2"}],"replies":[{"embeddable":true,"href":"http:\/\/test.taekwondo-mannheim.de\/index.php?rest_route=%2Fwp%2Fv2%2Fcomments&post=52"}],"version-history":[{"count":4,"href":"http:\/\/test.taekwondo-mannheim.de\/index.php?rest_route=\/wp\/v2\/pages\/52\/revisions"}],"predecessor-version":[{"id":171,"href":"http:\/\/test.taekwondo-mannheim.de\/index.php?rest_route=\/wp\/v2\/pages\/52\/revisions\/171"}],"wp:attachment":[{"href":"http:\/\/test.taekwondo-mannheim.de\/index.php?rest_route=%2Fwp%2Fv2%2Fmedia&parent=52"}],"curies":[{"name":"wp","href":"https:\/\/api.w.org\/{rel}","templated":true}]}}