{"id":200,"date":"2016-01-24T20:02:55","date_gmt":"2016-01-24T19:02:55","guid":{"rendered":"http:\/\/test.taekwondo-mannheim.de\/?page_id=200"},"modified":"2016-01-30T18:12:01","modified_gmt":"2016-01-30T17:12:01","slug":"hosinsul-die-selbstverteidigung","status":"publish","type":"page","link":"http:\/\/test.taekwondo-mannheim.de\/?page_id=200","title":{"rendered":"HOSINSUL (Die Selbstverteidigung)"},"content":{"rendered":"<p>Die Kunst dem Angreifer auszuweichen, ohne ihn zu verletzen<\/p>\n<p><img data-recalc-dims=\"1\" loading=\"lazy\" decoding=\"async\" data-attachment-id=\"288\" data-permalink=\"http:\/\/test.taekwondo-mannheim.de\/?attachment_id=288\" data-orig-file=\"https:\/\/i0.wp.com\/test.taekwondo-mannheim.de\/wp-content\/uploads\/2016\/01\/Hosinsul.jpg?fit=2848%2C2136\" data-orig-size=\"2848,2136\" data-comments-opened=\"1\" data-image-meta=\"{&quot;aperture&quot;:&quot;5.6&quot;,&quot;credit&quot;:&quot;&quot;,&quot;camera&quot;:&quot;FinePix F10&quot;,&quot;caption&quot;:&quot;&quot;,&quot;created_timestamp&quot;:&quot;1314302286&quot;,&quot;copyright&quot;:&quot;&quot;,&quot;focal_length&quot;:&quot;8&quot;,&quot;iso&quot;:&quot;80&quot;,&quot;shutter_speed&quot;:&quot;0.0020833333333333&quot;,&quot;title&quot;:&quot;&quot;,&quot;orientation&quot;:&quot;1&quot;}\" data-image-title=\"Hosinsul\" data-image-description=\"\" data-image-caption=\"\" data-medium-file=\"https:\/\/i0.wp.com\/test.taekwondo-mannheim.de\/wp-content\/uploads\/2016\/01\/Hosinsul.jpg?fit=300%2C225\" data-large-file=\"https:\/\/i0.wp.com\/test.taekwondo-mannheim.de\/wp-content\/uploads\/2016\/01\/Hosinsul.jpg?fit=1024%2C768\" class=\"alignnone size-medium wp-image-288\" src=\"https:\/\/i0.wp.com\/test.taekwondo-mannheim.de\/wp-content\/uploads\/2016\/01\/Hosinsul.jpg?resize=300%2C225\" alt=\"Hosinsul\" width=\"300\" height=\"225\" srcset=\"https:\/\/i0.wp.com\/test.taekwondo-mannheim.de\/wp-content\/uploads\/2016\/01\/Hosinsul.jpg?resize=300%2C225 300w, https:\/\/i0.wp.com\/test.taekwondo-mannheim.de\/wp-content\/uploads\/2016\/01\/Hosinsul.jpg?resize=768%2C576 768w, https:\/\/i0.wp.com\/test.taekwondo-mannheim.de\/wp-content\/uploads\/2016\/01\/Hosinsul.jpg?resize=1024%2C768 1024w, https:\/\/i0.wp.com\/test.taekwondo-mannheim.de\/wp-content\/uploads\/2016\/01\/Hosinsul.jpg?w=2000 2000w\" sizes=\"auto, (max-width: 300px) 100vw, 300px\" \/><\/p>\n<p>Im Gegensatz zur herk\u00f6mmlichen Meinung ist die Selbstverteidigung nur ein eher unbedeutender Aspekt des Taekwon-Do Die F\u00e4higkeit zur Selbstverteidigung ist das Ergebniss konsequenten Trainings der einzelnen Disziplinen. Hier finden alle durch hartes und best\u00e4ndiges \u00dcben entwickelten F\u00e4higkeiten ihre logische Anwendung. Die erlernten und automatisierten Techniken k\u00f6nnen ohne Zeitverlust und zielgenau zum Einsatz gebracht werden.<\/p>\n","protected":false},"excerpt":{"rendered":"<p>Die Kunst dem Angreifer auszuweichen, ohne ihn zu verletzen Im Gegensatz zur herk\u00f6mmlichen Meinung ist die Selbstverteidigung nur ein eher unbedeutender Aspekt des Taekwon-Do Die F\u00e4higkeit zur Selbstverteidigung ist das Ergebniss konsequenten Trainings der einzelnen Disziplinen. Hier finden alle durch &hellip; <a href=\"http:\/\/test.taekwondo-mannheim.de\/?page_id=200\">Weiter<\/a><\/p>\n","protected":false},"author":2,"featured_media":0,"parent":0,"menu_order":0,"comment_status":"closed","ping_status":"closed","template":"","meta":{"jetpack_post_was_ever_published":false,"footnotes":""},"class_list":["post-200","page","type-page","status-publish","hentry"],"jetpack_sharing_enabled":true,"jetpack_shortlink":"https:\/\/wp.me\/P79Ama-3e","jetpack-related-posts":[],"_links":{"self":[{"href":"http:\/\/test.taekwondo-mannheim.de\/index.php?rest_route=\/wp\/v2\/pages\/200","targetHints":{"allow":["GET"]}}],"collection":[{"href":"http:\/\/test.taekwondo-mannheim.de\/index.php?rest_route=\/wp\/v2\/pages"}],"about":[{"href":"http:\/\/test.taekwondo-mannheim.de\/index.php?rest_route=\/wp\/v2\/types\/page"}],"author":[{"embeddable":true,"href":"http:\/\/test.taekwondo-mannheim.de\/index.php?rest_route=\/wp\/v2\/users\/2"}],"replies":[{"embeddable":true,"href":"http:\/\/test.taekwondo-mannheim.de\/index.php?rest_route=%2Fwp%2Fv2%2Fcomments&post=200"}],"version-history":[{"count":2,"href":"http:\/\/test.taekwondo-mannheim.de\/index.php?rest_route=\/wp\/v2\/pages\/200\/revisions"}],"predecessor-version":[{"id":289,"href":"http:\/\/test.taekwondo-mannheim.de\/index.php?rest_route=\/wp\/v2\/pages\/200\/revisions\/289"}],"wp:attachment":[{"href":"http:\/\/test.taekwondo-mannheim.de\/index.php?rest_route=%2Fwp%2Fv2%2Fmedia&parent=200"}],"curies":[{"name":"wp","href":"https:\/\/api.w.org\/{rel}","templated":true}]}}