{"id":193,"date":"2016-01-24T19:59:20","date_gmt":"2016-01-24T18:59:20","guid":{"rendered":"http:\/\/test.taekwondo-mannheim.de\/?page_id=193"},"modified":"2016-01-30T18:10:58","modified_gmt":"2016-01-30T17:10:58","slug":"kyek-pa-der-bruchtest","status":"publish","type":"page","link":"http:\/\/test.taekwondo-mannheim.de\/?page_id=193","title":{"rendered":"KYEK PA (Der Bruchtest)"},"content":{"rendered":"<div id=\"WRchTxt6\" class=\"s2\" data-reactid=\".0.$SITE_ROOT.$desktop_siteRoot.$PAGES_CONTAINER.1.1.$SITE_PAGES.$ckqh.1.$WRchTxt6\">\n<p class=\"font_7\">St\u00e4rkung der Willenskraft<\/p>\n<\/div>\n<div id=\"WRchTxtg\" class=\"s2\" data-reactid=\".0.$SITE_ROOT.$desktop_siteRoot.$PAGES_CONTAINER.1.1.$SITE_PAGES.$ckqh.1.$WRchTxtg\">\n<p><img data-recalc-dims=\"1\" loading=\"lazy\" decoding=\"async\" data-attachment-id=\"286\" data-permalink=\"http:\/\/test.taekwondo-mannheim.de\/?attachment_id=286\" data-orig-file=\"https:\/\/i0.wp.com\/test.taekwondo-mannheim.de\/wp-content\/uploads\/2016\/01\/IMG_0014.jpg?fit=4082%2C2721\" data-orig-size=\"4082,2721\" data-comments-opened=\"1\" data-image-meta=\"{&quot;aperture&quot;:&quot;2&quot;,&quot;credit&quot;:&quot;Olaf Dannappel&quot;,&quot;camera&quot;:&quot;Canon EOS-1Ds Mark II&quot;,&quot;caption&quot;:&quot;&quot;,&quot;created_timestamp&quot;:&quot;1289670333&quot;,&quot;copyright&quot;:&quot;&quot;,&quot;focal_length&quot;:&quot;85&quot;,&quot;iso&quot;:&quot;800&quot;,&quot;shutter_speed&quot;:&quot;0.001&quot;,&quot;title&quot;:&quot;&quot;,&quot;orientation&quot;:&quot;1&quot;}\" data-image-title=\"IMG_0014\" data-image-description=\"\" data-image-caption=\"\" data-medium-file=\"https:\/\/i0.wp.com\/test.taekwondo-mannheim.de\/wp-content\/uploads\/2016\/01\/IMG_0014.jpg?fit=300%2C200\" data-large-file=\"https:\/\/i0.wp.com\/test.taekwondo-mannheim.de\/wp-content\/uploads\/2016\/01\/IMG_0014.jpg?fit=1024%2C683\" class=\"alignnone size-medium wp-image-286\" src=\"https:\/\/i0.wp.com\/test.taekwondo-mannheim.de\/wp-content\/uploads\/2016\/01\/IMG_0014.jpg?resize=300%2C200\" alt=\"IMG_0014\" width=\"300\" height=\"200\" srcset=\"https:\/\/i0.wp.com\/test.taekwondo-mannheim.de\/wp-content\/uploads\/2016\/01\/IMG_0014.jpg?resize=300%2C200 300w, https:\/\/i0.wp.com\/test.taekwondo-mannheim.de\/wp-content\/uploads\/2016\/01\/IMG_0014.jpg?resize=768%2C512 768w, https:\/\/i0.wp.com\/test.taekwondo-mannheim.de\/wp-content\/uploads\/2016\/01\/IMG_0014.jpg?resize=1024%2C683 1024w, https:\/\/i0.wp.com\/test.taekwondo-mannheim.de\/wp-content\/uploads\/2016\/01\/IMG_0014.jpg?w=2000 2000w, https:\/\/i0.wp.com\/test.taekwondo-mannheim.de\/wp-content\/uploads\/2016\/01\/IMG_0014.jpg?w=3000 3000w\" sizes=\"auto, (max-width: 300px) 100vw, 300px\" \/><\/p>\n<p class=\"font_8\">H\u00f6chstleistung durch Konzentration auf einen Punkt. Nicht mit roher Gewalt wird die Materie zerst\u00f6rt, sondern mit einer ausgereiften Technik und der daraus resultierenden Kraft und Geschwindigkeit in der Verschmelzung mit dem unbedingten Willen und Selbstvertrauen. Der &#8222;Kyek-Pa&#8220; ist kein Trainingsbestandteil, sondern dient als Gradmesser der Einheit von K\u00f6rper und Geist.<\/p>\n<\/div>\n","protected":false},"excerpt":{"rendered":"<p>St\u00e4rkung der Willenskraft H\u00f6chstleistung durch Konzentration auf einen Punkt. Nicht mit roher Gewalt wird die Materie zerst\u00f6rt, sondern mit einer ausgereiften Technik und der daraus resultierenden Kraft und Geschwindigkeit in der Verschmelzung mit dem unbedingten Willen und Selbstvertrauen. Der &#8222;Kyek-Pa&#8220; &hellip; <a href=\"http:\/\/test.taekwondo-mannheim.de\/?page_id=193\">Weiter<\/a><\/p>\n","protected":false},"author":2,"featured_media":0,"parent":0,"menu_order":0,"comment_status":"closed","ping_status":"closed","template":"","meta":{"jetpack_post_was_ever_published":false,"footnotes":""},"class_list":["post-193","page","type-page","status-publish","hentry"],"jetpack_sharing_enabled":true,"jetpack_shortlink":"https:\/\/wp.me\/P79Ama-37","jetpack-related-posts":[],"_links":{"self":[{"href":"http:\/\/test.taekwondo-mannheim.de\/index.php?rest_route=\/wp\/v2\/pages\/193","targetHints":{"allow":["GET"]}}],"collection":[{"href":"http:\/\/test.taekwondo-mannheim.de\/index.php?rest_route=\/wp\/v2\/pages"}],"about":[{"href":"http:\/\/test.taekwondo-mannheim.de\/index.php?rest_route=\/wp\/v2\/types\/page"}],"author":[{"embeddable":true,"href":"http:\/\/test.taekwondo-mannheim.de\/index.php?rest_route=\/wp\/v2\/users\/2"}],"replies":[{"embeddable":true,"href":"http:\/\/test.taekwondo-mannheim.de\/index.php?rest_route=%2Fwp%2Fv2%2Fcomments&post=193"}],"version-history":[{"count":2,"href":"http:\/\/test.taekwondo-mannheim.de\/index.php?rest_route=\/wp\/v2\/pages\/193\/revisions"}],"predecessor-version":[{"id":287,"href":"http:\/\/test.taekwondo-mannheim.de\/index.php?rest_route=\/wp\/v2\/pages\/193\/revisions\/287"}],"wp:attachment":[{"href":"http:\/\/test.taekwondo-mannheim.de\/index.php?rest_route=%2Fwp%2Fv2%2Fmedia&parent=193"}],"curies":[{"name":"wp","href":"https:\/\/api.w.org\/{rel}","templated":true}]}}