{"id":179,"date":"2016-01-24T19:56:13","date_gmt":"2016-01-24T18:56:13","guid":{"rendered":"http:\/\/test.taekwondo-mannheim.de\/?page_id=179"},"modified":"2016-02-04T13:54:35","modified_gmt":"2016-02-04T12:54:35","slug":"hyong-die-form","status":"publish","type":"page","link":"http:\/\/test.taekwondo-mannheim.de\/?page_id=179","title":{"rendered":"Hyong (Die Form)"},"content":{"rendered":"<p class=\"font_8\">Steigerung der Konzentration<\/p>\n<p class=\"font_8\">\u00a0<img data-recalc-dims=\"1\" loading=\"lazy\" decoding=\"async\" data-attachment-id=\"342\" data-permalink=\"http:\/\/test.taekwondo-mannheim.de\/?attachment_id=342\" data-orig-file=\"https:\/\/i0.wp.com\/test.taekwondo-mannheim.de\/wp-content\/uploads\/2016\/01\/block.jpg?fit=1944%2C2592\" data-orig-size=\"1944,2592\" data-comments-opened=\"1\" data-image-meta=\"{&quot;aperture&quot;:&quot;2.6&quot;,&quot;credit&quot;:&quot;&quot;,&quot;camera&quot;:&quot;Canon PowerShot A530&quot;,&quot;caption&quot;:&quot;&quot;,&quot;created_timestamp&quot;:&quot;1160326334&quot;,&quot;copyright&quot;:&quot;&quot;,&quot;focal_length&quot;:&quot;5.8&quot;,&quot;iso&quot;:&quot;0&quot;,&quot;shutter_speed&quot;:&quot;0.002&quot;,&quot;title&quot;:&quot;&quot;,&quot;orientation&quot;:&quot;0&quot;}\" data-image-title=\"block\" data-image-description=\"\" data-image-caption=\"\" data-medium-file=\"https:\/\/i0.wp.com\/test.taekwondo-mannheim.de\/wp-content\/uploads\/2016\/01\/block.jpg?fit=225%2C300\" data-large-file=\"https:\/\/i0.wp.com\/test.taekwondo-mannheim.de\/wp-content\/uploads\/2016\/01\/block.jpg?fit=768%2C1024\" class=\"alignnone size-medium wp-image-342\" src=\"https:\/\/i0.wp.com\/test.taekwondo-mannheim.de\/wp-content\/uploads\/2016\/01\/block.jpg?resize=225%2C300\" alt=\"block\" width=\"225\" height=\"300\" srcset=\"https:\/\/i0.wp.com\/test.taekwondo-mannheim.de\/wp-content\/uploads\/2016\/01\/block.jpg?resize=225%2C300 225w, https:\/\/i0.wp.com\/test.taekwondo-mannheim.de\/wp-content\/uploads\/2016\/01\/block.jpg?resize=768%2C1024 768w, https:\/\/i0.wp.com\/test.taekwondo-mannheim.de\/wp-content\/uploads\/2016\/01\/block.jpg?w=1944 1944w\" sizes=\"auto, (max-width: 225px) 100vw, 225px\" \/><\/p>\n<p class=\"font_8\">In den alten Zeiten \u00fcbten die Sch\u00fcler noch nicht mit Partnern, aus Sorge, sie zu verletzen. So wurden bestimmte Bewegungsabl\u00e4ufe festgelegt, die Formen. Diese sind der Kampf gegen mehrere fiktive Gegner. Hier k\u00f6nnen die Angriffs- und Abwehrbewegungen ohne jedes Abstoppen mit aller Konsequenz, St\u00e4rke und H\u00e4rte ausgef\u00fchrt und realistisch ge\u00fcbt werden.<\/p>\n","protected":false},"excerpt":{"rendered":"<p>Steigerung der Konzentration \u00a0 In den alten Zeiten \u00fcbten die Sch\u00fcler noch nicht mit Partnern, aus Sorge, sie zu verletzen. So wurden bestimmte Bewegungsabl\u00e4ufe festgelegt, die Formen. Diese sind der Kampf gegen mehrere fiktive Gegner. Hier k\u00f6nnen die Angriffs- und &hellip; <a href=\"http:\/\/test.taekwondo-mannheim.de\/?page_id=179\">Weiter<\/a><\/p>\n","protected":false},"author":2,"featured_media":0,"parent":0,"menu_order":0,"comment_status":"closed","ping_status":"closed","template":"","meta":{"jetpack_post_was_ever_published":false,"footnotes":""},"class_list":["post-179","page","type-page","status-publish","hentry"],"jetpack_sharing_enabled":true,"jetpack_shortlink":"https:\/\/wp.me\/P79Ama-2T","jetpack-related-posts":[],"_links":{"self":[{"href":"http:\/\/test.taekwondo-mannheim.de\/index.php?rest_route=\/wp\/v2\/pages\/179","targetHints":{"allow":["GET"]}}],"collection":[{"href":"http:\/\/test.taekwondo-mannheim.de\/index.php?rest_route=\/wp\/v2\/pages"}],"about":[{"href":"http:\/\/test.taekwondo-mannheim.de\/index.php?rest_route=\/wp\/v2\/types\/page"}],"author":[{"embeddable":true,"href":"http:\/\/test.taekwondo-mannheim.de\/index.php?rest_route=\/wp\/v2\/users\/2"}],"replies":[{"embeddable":true,"href":"http:\/\/test.taekwondo-mannheim.de\/index.php?rest_route=%2Fwp%2Fv2%2Fcomments&post=179"}],"version-history":[{"count":4,"href":"http:\/\/test.taekwondo-mannheim.de\/index.php?rest_route=\/wp\/v2\/pages\/179\/revisions"}],"predecessor-version":[{"id":344,"href":"http:\/\/test.taekwondo-mannheim.de\/index.php?rest_route=\/wp\/v2\/pages\/179\/revisions\/344"}],"wp:attachment":[{"href":"http:\/\/test.taekwondo-mannheim.de\/index.php?rest_route=%2Fwp%2Fv2%2Fmedia&parent=179"}],"curies":[{"name":"wp","href":"https:\/\/api.w.org\/{rel}","templated":true}]}}