{"id":11,"date":"2016-01-24T19:20:06","date_gmt":"2016-01-24T18:20:06","guid":{"rendered":"http:\/\/test.taekwondo-mannheim.de\/?page_id=11"},"modified":"2016-01-24T19:20:06","modified_gmt":"2016-01-24T18:20:06","slug":"taekwon-do-fuer-kinder","status":"publish","type":"page","link":"http:\/\/test.taekwondo-mannheim.de\/?page_id=11","title":{"rendered":"Taekwon-Do f\u00fcr Kinder"},"content":{"rendered":"<ul class=\"font_8\">\n<li>\n<p class=\"font_8\">Taekwon-Do ist charakterbildend und vermittelt neben k\u00f6rperlichen F\u00e4higkeiten auch diszipliniertes Denken.<\/p>\n<\/li>\n<\/ul>\n<ul class=\"font_8\">\n<li>\n<p class=\"font_8\">Durch erlernen einer Selbstdisziplin lernen Kinder best\u00e4ndig an einer Herausforderung zu arbeiten, und lernen mit Erfolgen wie auch Niederlagen umzugehen und daran zu wachsen. Dadurch resultiert Demut und dies ist die Voraussetzung f\u00fcr Bescheidenheit und Toleranz welche die erkl\u00e4rten Ziele von Taekwon-Do sind.<\/p>\n<\/li>\n<\/ul>\n<ul class=\"font_8\">\n<li>\n<p class=\"font_8\">Aufgrund der bestehenden Disziplin und der streng geregelten Abl\u00e4ufe w\u00e4hrend des Trainings lernen Kinder hier, dass es in dieser Welt auch Grenze und Regeln gibt, die einzuhalten sind.<\/p>\n<\/li>\n<\/ul>\n<ul class=\"font_8\">\n<li>\n<p class=\"font_8\">Die Kinder die zun\u00e4chst aufgrund ihres Bewegungsmangel m\u00fcde und abgeschlappt sind, jetzt aber richtig aufbl\u00fchen und strahlend- schwitzend die Schule verlassen.<\/p>\n<\/li>\n<\/ul>\n<ul class=\"font_8\">\n<li>\n<p class=\"font_8\">Auch f\u00fcr Kinder mit Koordinationsproblemen ist diese Sportart aufgrund des Lernens der K\u00f6rperbeherrschung absolut geeignet. Das Problem wird individuell eingegangen, da sie auch von anderen Kindern nicht geh\u00e4nselt werden, kann man das Selbstvertrauen f\u00f6rmlich wachsen sehen.<\/p>\n<\/li>\n<\/ul>\n","protected":false},"excerpt":{"rendered":"<p>Taekwon-Do ist charakterbildend und vermittelt neben k\u00f6rperlichen F\u00e4higkeiten auch diszipliniertes Denken. Durch erlernen einer Selbstdisziplin lernen Kinder best\u00e4ndig an einer Herausforderung zu arbeiten, und lernen mit Erfolgen wie auch Niederlagen umzugehen und daran zu wachsen. Dadurch resultiert Demut und dies &hellip; <a href=\"http:\/\/test.taekwondo-mannheim.de\/?page_id=11\">Weiter<\/a><\/p>\n","protected":false},"author":2,"featured_media":0,"parent":0,"menu_order":0,"comment_status":"closed","ping_status":"closed","template":"","meta":{"jetpack_post_was_ever_published":false,"footnotes":""},"class_list":["post-11","page","type-page","status-publish","hentry"],"jetpack_sharing_enabled":true,"jetpack_shortlink":"https:\/\/wp.me\/P79Ama-b","jetpack-related-posts":[],"_links":{"self":[{"href":"http:\/\/test.taekwondo-mannheim.de\/index.php?rest_route=\/wp\/v2\/pages\/11","targetHints":{"allow":["GET"]}}],"collection":[{"href":"http:\/\/test.taekwondo-mannheim.de\/index.php?rest_route=\/wp\/v2\/pages"}],"about":[{"href":"http:\/\/test.taekwondo-mannheim.de\/index.php?rest_route=\/wp\/v2\/types\/page"}],"author":[{"embeddable":true,"href":"http:\/\/test.taekwondo-mannheim.de\/index.php?rest_route=\/wp\/v2\/users\/2"}],"replies":[{"embeddable":true,"href":"http:\/\/test.taekwondo-mannheim.de\/index.php?rest_route=%2Fwp%2Fv2%2Fcomments&post=11"}],"version-history":[{"count":2,"href":"http:\/\/test.taekwondo-mannheim.de\/index.php?rest_route=\/wp\/v2\/pages\/11\/revisions"}],"predecessor-version":[{"id":122,"href":"http:\/\/test.taekwondo-mannheim.de\/index.php?rest_route=\/wp\/v2\/pages\/11\/revisions\/122"}],"wp:attachment":[{"href":"http:\/\/test.taekwondo-mannheim.de\/index.php?rest_route=%2Fwp%2Fv2%2Fmedia&parent=11"}],"curies":[{"name":"wp","href":"https:\/\/api.w.org\/{rel}","templated":true}]}}