{"id":1020,"date":"2020-03-23T13:50:54","date_gmt":"2020-03-23T12:50:54","guid":{"rendered":"http:\/\/test.taekwondo-mannheim.de\/?page_id=1020"},"modified":"2020-04-30T10:55:49","modified_gmt":"2020-04-30T08:55:49","slug":"online-training","status":"publish","type":"page","link":"http:\/\/test.taekwondo-mannheim.de\/?page_id=1020","title":{"rendered":"Online-Training"},"content":{"rendered":"<p>Um die Trainingsvideos f\u00fcr zu Hause zu sind im Mitgliederbereich erhalten.<\/p>\n<p>Um Login Daten zu erhalten bitte bei der Schulleitung per Mail oder Whatsapp melden.<\/p>\n<a href=\"https:\/\/taekwon-do-mannheim-lernvideos.coachy.net\/anmelden\/\" class=\"btn button btn-shortcode kad-btn kad-btn-primary\" id=\"kadbtn348\" target=\"_blank\" style=\"background-color:#000;color:#FFF;\"onMouseOver=\"this.style.background='#CDCDCD',this.style.color=''\" onMouseOut=\"this.style.background='#000', this.style.color='#FFF'\">Mitgliederbereich<\/a>\n<div id=\"cc-m-13895399927\" class=\"j-module n j-text \">\n<p>Um trotz der Zeit der Kontaktsperre regul\u00e4res Training anzubieten besteht die m\u00f6glichkeit an Livstreamtraining teilzunehmen.<\/p>\n<\/div>\n<div><\/div>\n<div class=\"j-module n j-text \"><a id=\"kadbtn17\" class=\"kad-btn kad-btn-primary\" href=\"http:\/\/test.taekwondo-mannheim.de\/?page_id=1054\" target=\"_self\" rel=\"noopener noreferrer\">Stundenplan Livestream<\/a><\/div>\n<div><\/div>\n<div><\/div>\n<div><\/div>\n<div><\/div>\n<div><\/div>\n<div class=\"j-module n j-text \">Zur Kursteilnahme ben\u00f6tigt man die App Zoom. Diese ist f\u00fcr\u00a0iOs, Android und Windows verf\u00fcgbar. Man kann zus\u00e4tzlich auch \u00fcber einen Computer \u00fcber den Webbrowser teilnehmen.(Zoom ID:796 993 3552)<strong>Es ist nicht n\u00f6tig, sich mit E-Mail zu registrieren!<\/strong><\/p>\n<p><strong>Bitte beachtet folgende Punkte:<\/strong><\/p>\n<ol>\n<li>Wenn ihr die App gestartet habt, auf den Punkt \u201eeinem Meeting beitreten\u201c klicken.<\/li>\n<li>Dort die Zoom-ID des gew\u00fcnschten Kurses eingeben.<\/li>\n<li>Sobald man dem Video beigetreten ist, bitte darauf achten, dass man sein Mikrofon deaktiviert (Es muss das Mikrofonsymbol rot und durchgestrichen dargestellt werden)!<\/li>\n<\/ol>\n<p><a id=\"kadbtn8\" class=\"kad-btn kad-btn-primary\" href=\"https:\/\/zoom.us\/j\/7969933552?pwd=Y0dmVUNlRXZaaUo2ZHV1eTVXMS9DUT09\" target=\"_self\" rel=\"noopener noreferrer\"><\/a><\/div>\n<a href=\"https:\/\/zoom.us\/j\/7969933552?pwd=Y0dmVUNlRXZaaUo2ZHV1eTVXMS9DUT09\" class=\"btn button btn-shortcode kad-btn kad-btn-primary\" id=\"kadbtn353\" target=\"_self\" style=\"color:#FFF;\">Livestreamtraining<\/a>\n<div id=\"cc-m-13895399927\" class=\"j-module n j-text \">\n<p><strong>Kooperation mit mycoaching.club<\/strong><\/p>\n<p>Zus\u00e4tzlich besteht die M\u00f6glichkeit am Training anderer Taekwon-Do und Sportschulen teilzunehmen. Daf\u00fcr haben sich mehreren Taekwon-Do Schulen sowie anderen Sportschulen zusammen geschlossen und eine Plattform gebildet, von der aus man w\u00e4hrend der Corona Pandemie auf kostenlose Live-Streamings zugreifen kann. Neben den Taekwon-Do Einheiten f\u00fcr Kinder, Jugendliche und Erwachsene f\u00fcllt sich das Angebot auch immer mehr mit Kursen aus dem Fitness-Bereich.<\/p>\n<a href=\"https:\/\/www.mycoaching.club\/de\/livestream\" class=\"btn button btn-shortcode kad-btn kad-btn-primary\" id=\"kadbtn694\" target=\"_blank\" style=\"background-color:#444;color:#FF0000;\"onMouseOver=\"this.style.background='',this.style.color='#FFF'\" onMouseOut=\"this.style.background='#444', this.style.color='#FF0000'\">Mycoaching.club<\/a>\n<\/div>\n<div><\/div>\n<div class=\"j-module n j-text \">Hier finden zus\u00e4tzlich zu unseren Kursen t\u00e4glich mehrere Kurse unsere Kollegen f\u00fcr Kleinkinder, Kinder, Jugendliche und Erwachsene statt.<br \/>\nEine ausf\u00fchrliche \u00dcbersicht \u00fcber alle geplanten Live-Streamings findet man auf der Seite<strong>\u00a0<a href=\"https:\/\/www.mycoaching.club\/de\/livestream\" target=\"_top\" rel=\"noopener noreferrer\">https:\/\/www.mycoaching.club\/de\/livestream<\/a><\/strong>.<\/p>\n<\/div>\n<div class=\"cc-m-hgrid-column last\">\n<div id=\"cc-matrix-3904982127\">\n<div id=\"cc-m-13895507627\" class=\"j-module n j-text \">\n<p><strong>Es ist nicht n\u00f6tig, sich mit E-Mail zu registrieren!<\/strong><\/p>\n<p>Wir m\u00f6chten uns im Voraus ganz herzlich f\u00fcr eure Solidarit\u00e4t und Verst\u00e4ndnis in so einer herausfordernderen Zeit bedanken und hoffen, dass alle Gesund bleiben und die schwierige Zeit gut \u00fcberstehen.<\/p>\n<p>Mit freundlichen Gr\u00fcssen<\/p>\n<p>Schulleitung<\/p>\n<\/div>\n<\/div>\n<\/div>\n","protected":false},"excerpt":{"rendered":"<p>Um die Trainingsvideos f\u00fcr zu Hause zu sind im Mitgliederbereich erhalten. Um Login Daten zu erhalten bitte bei der Schulleitung per Mail oder Whatsapp melden. Um trotz der Zeit der Kontaktsperre regul\u00e4res Training anzubieten besteht die m\u00f6glichkeit an Livstreamtraining teilzunehmen. &hellip; <a href=\"http:\/\/test.taekwondo-mannheim.de\/?page_id=1020\">Weiter<\/a><\/p>\n","protected":false},"author":2,"featured_media":0,"parent":0,"menu_order":0,"comment_status":"closed","ping_status":"closed","template":"","meta":{"jetpack_post_was_ever_published":false,"footnotes":""},"class_list":["post-1020","page","type-page","status-publish","hentry"],"jetpack_sharing_enabled":true,"jetpack_shortlink":"https:\/\/wp.me\/P79Ama-gs","jetpack-related-posts":[],"_links":{"self":[{"href":"http:\/\/test.taekwondo-mannheim.de\/index.php?rest_route=\/wp\/v2\/pages\/1020","targetHints":{"allow":["GET"]}}],"collection":[{"href":"http:\/\/test.taekwondo-mannheim.de\/index.php?rest_route=\/wp\/v2\/pages"}],"about":[{"href":"http:\/\/test.taekwondo-mannheim.de\/index.php?rest_route=\/wp\/v2\/types\/page"}],"author":[{"embeddable":true,"href":"http:\/\/test.taekwondo-mannheim.de\/index.php?rest_route=\/wp\/v2\/users\/2"}],"replies":[{"embeddable":true,"href":"http:\/\/test.taekwondo-mannheim.de\/index.php?rest_route=%2Fwp%2Fv2%2Fcomments&post=1020"}],"version-history":[{"count":7,"href":"http:\/\/test.taekwondo-mannheim.de\/index.php?rest_route=\/wp\/v2\/pages\/1020\/revisions"}],"predecessor-version":[{"id":1063,"href":"http:\/\/test.taekwondo-mannheim.de\/index.php?rest_route=\/wp\/v2\/pages\/1020\/revisions\/1063"}],"wp:attachment":[{"href":"http:\/\/test.taekwondo-mannheim.de\/index.php?rest_route=%2Fwp%2Fv2%2Fmedia&parent=1020"}],"curies":[{"name":"wp","href":"https:\/\/api.w.org\/{rel}","templated":true}]}}